{"id":111,"date":"2026-02-28T17:02:53","date_gmt":"2026-02-28T16:02:53","guid":{"rendered":"http:\/\/www.lessenspsy.com\/?page_id=111"},"modified":"2026-04-03T18:05:34","modified_gmt":"2026-04-03T16:05:34","slug":"nos-formations","status":"publish","type":"page","link":"https:\/\/lessenspsy.com\/?page_id=111","title":{"rendered":"Formations"},"content":{"rendered":"\t\t<div data-elementor-type=\"wp-page\" data-elementor-id=\"111\" class=\"elementor elementor-111\" data-elementor-post-type=\"page\">\n\t\t\t\t<div class=\"elementor-element elementor-element-68bb92d e-flex e-con-boxed e-con e-parent\" data-id=\"68bb92d\" data-element_type=\"container\" data-e-type=\"container\">\n\t\t\t\t\t<div class=\"e-con-inner\">\n\t\t\t\t<div class=\"elementor-element elementor-element-744e013 elementor-widget elementor-widget-template\" data-id=\"744e013\" data-element_type=\"widget\" data-e-type=\"widget\" data-widget_type=\"template.default\">\n\t\t\t\t<div class=\"elementor-widget-container\">\n\t\t\t\t\t\t\t<div class=\"elementor-template\">\n\t\t\t\t\t<div data-elementor-type=\"single-page\" data-elementor-id=\"654\" class=\"elementor elementor-654\" data-elementor-post-type=\"elementor_library\">\n\t\t\t<div class=\"elementor-element elementor-element-cb25bcd e-flex e-con-boxed e-con e-parent\" data-id=\"cb25bcd\" data-element_type=\"container\" data-e-type=\"container\">\n\t\t\t\t\t<div class=\"e-con-inner\">\n\t\t\t\t<div class=\"elementor-element elementor-element-c5b26e0 elementor-widget elementor-widget-text-editor\" data-id=\"c5b26e0\" data-element_type=\"widget\" data-e-type=\"widget\" data-widget_type=\"text-editor.default\">\n\t\t\t\t\t\t\t\t\t<h6><span style=\"color: #13316e;\"><strong>\u00ab LES SENS PSY \u00bb<\/strong> vous accompagne en distanciel ou en pr\u00e9sentiel.<\/span><\/h6>\t\t\t\t\t\t\t\t<\/div>\n\t\t\t\t\t<\/div>\n\t\t\t\t<\/div>\n\t\t<div class=\"elementor-element elementor-element-0554e9e e-flex e-con-boxed e-con e-parent\" data-id=\"0554e9e\" data-element_type=\"container\" data-e-type=\"container\">\n\t\t\t\t\t<div class=\"e-con-inner\">\n\t\t\t\t<div class=\"elementor-element elementor-element-666e9aa elementor-widget elementor-widget-heading\" data-id=\"666e9aa\" data-element_type=\"widget\" data-e-type=\"widget\" data-widget_type=\"heading.default\">\n\t\t\t\t\t<h2 class=\"elementor-heading-title elementor-size-default\">NOS M\u00c9THODES DE FORMATION<\/h2>\t\t\t\t<\/div>\n\t\t\t\t\t<\/div>\n\t\t\t\t<\/div>\n\t\t<div class=\"elementor-element elementor-element-7303a9a e-flex e-con-boxed e-con e-parent\" data-id=\"7303a9a\" data-element_type=\"container\" data-e-type=\"container\">\n\t\t\t\t\t<div class=\"e-con-inner\">\n\t\t<div class=\"elementor-element elementor-element-7f96f14 e-con-full e-flex e-con e-child\" data-id=\"7f96f14\" data-element_type=\"container\" data-e-type=\"container\">\n\t\t\t\t<div class=\"elementor-element elementor-element-a016bb3 elementor-widget elementor-widget-heading\" data-id=\"a016bb3\" data-element_type=\"widget\" data-e-type=\"widget\" data-widget_type=\"heading.default\">\n\t\t\t\t\t<h4 class=\"elementor-heading-title elementor-size-default\">EN PR\u00c9SENTIEL<\/h4>\t\t\t\t<\/div>\n\t\t\t\t<div class=\"elementor-element elementor-element-d4fe69c elementor-widget elementor-widget-text-editor\" data-id=\"d4fe69c\" data-element_type=\"widget\" data-e-type=\"widget\" data-widget_type=\"text-editor.default\">\n\t\t\t\t\t\t\t\t\t<p style=\"text-align: center;\"><strong>\u2192 PBSM : <\/strong><strong>Principes de Base en Sant\u00e9 Mentale<\/strong><\/p><p style=\"text-align: center;\"><strong>\u2192 PSSM : <\/strong><strong>Premiers Secours en Sant\u00e9 Mentale<\/strong><\/p><p style=\"text-align: center;\"><strong>\u2192 GDS : Gestion du Stress<\/strong><\/p>\t\t\t\t\t\t\t\t<\/div>\n\t\t\t\t<\/div>\n\t\t<div class=\"elementor-element elementor-element-8049eb1 e-con-full e-flex e-con e-child\" data-id=\"8049eb1\" data-element_type=\"container\" data-e-type=\"container\">\n\t\t\t\t<div class=\"elementor-element elementor-element-3f96b9c elementor-widget elementor-widget-heading\" data-id=\"3f96b9c\" data-element_type=\"widget\" data-e-type=\"widget\" data-widget_type=\"heading.default\">\n\t\t\t\t\t<h4 class=\"elementor-heading-title elementor-size-default\">EN DISTANCIEL<\/h4>\t\t\t\t<\/div>\n\t\t\t\t<div class=\"elementor-element elementor-element-1f6dc2e elementor-widget elementor-widget-text-editor\" data-id=\"1f6dc2e\" data-element_type=\"widget\" data-e-type=\"widget\" data-widget_type=\"text-editor.default\">\n\t\t\t\t\t\t\t\t\t<p style=\"text-align: center;\"><strong>\u2192 PBSM : <\/strong><strong>Principes de Base en Sant\u00e9 Mentale<\/strong><\/p><p style=\"text-align: center;\"><strong>\u2192 GDS : Gestion du Stress<\/strong><\/p>\t\t\t\t\t\t\t\t<\/div>\n\t\t\t\t<\/div>\n\t\t<div class=\"elementor-element elementor-element-6705332 e-con-full e-flex e-con e-child\" data-id=\"6705332\" data-element_type=\"container\" data-e-type=\"container\">\n\t\t\t\t<div class=\"elementor-element elementor-element-4cf0016 elementor-widget elementor-widget-image\" data-id=\"4cf0016\" data-element_type=\"widget\" data-e-type=\"widget\" data-widget_type=\"image.default\">\n\t\t\t\t\t\t\t\t\t\t\t\t\t\t\t<img fetchpriority=\"high\" decoding=\"async\" width=\"640\" height=\"427\" src=\"https:\/\/lessenspsy.com\/wp-content\/uploads\/2026\/03\/manager-woman-leading-brainstorming-meeting-with-group-creative-designers-office-leader-business-concept-1024x683.jpg\" class=\"attachment-large size-large wp-image-809\" alt=\"\" srcset=\"https:\/\/lessenspsy.com\/wp-content\/uploads\/2026\/03\/manager-woman-leading-brainstorming-meeting-with-group-creative-designers-office-leader-business-concept-1024x683.jpg 1024w, https:\/\/lessenspsy.com\/wp-content\/uploads\/2026\/03\/manager-woman-leading-brainstorming-meeting-with-group-creative-designers-office-leader-business-concept-300x200.jpg 300w, https:\/\/lessenspsy.com\/wp-content\/uploads\/2026\/03\/manager-woman-leading-brainstorming-meeting-with-group-creative-designers-office-leader-business-concept-768x512.jpg 768w, https:\/\/lessenspsy.com\/wp-content\/uploads\/2026\/03\/manager-woman-leading-brainstorming-meeting-with-group-creative-designers-office-leader-business-concept-1536x1024.jpg 1536w, https:\/\/lessenspsy.com\/wp-content\/uploads\/2026\/03\/manager-woman-leading-brainstorming-meeting-with-group-creative-designers-office-leader-business-concept-2048x1366.jpg 2048w\" sizes=\"(max-width: 640px) 100vw, 640px\" \/>\t\t\t\t\t\t\t\t\t\t\t\t\t\t\t<\/div>\n\t\t\t\t<\/div>\n\t\t<div class=\"elementor-element elementor-element-e5052bf e-con-full e-flex e-con e-child\" data-id=\"e5052bf\" data-element_type=\"container\" data-e-type=\"container\">\n\t\t\t\t<div class=\"elementor-element elementor-element-89636ae elementor-widget elementor-widget-image\" data-id=\"89636ae\" data-element_type=\"widget\" data-e-type=\"widget\" data-widget_type=\"image.default\">\n\t\t\t\t\t\t\t\t\t\t\t\t\t\t\t<img decoding=\"async\" width=\"640\" height=\"427\" src=\"https:\/\/lessenspsy.com\/wp-content\/uploads\/2026\/03\/blonde-woman-with-elegant-hairstyle-typing-text-keyboard-office-indoor-portrait-international-employees-with-secretary-using-laptop-1024x683.jpg\" class=\"attachment-large size-large wp-image-806\" alt=\"\" srcset=\"https:\/\/lessenspsy.com\/wp-content\/uploads\/2026\/03\/blonde-woman-with-elegant-hairstyle-typing-text-keyboard-office-indoor-portrait-international-employees-with-secretary-using-laptop-1024x683.jpg 1024w, https:\/\/lessenspsy.com\/wp-content\/uploads\/2026\/03\/blonde-woman-with-elegant-hairstyle-typing-text-keyboard-office-indoor-portrait-international-employees-with-secretary-using-laptop-300x200.jpg 300w, https:\/\/lessenspsy.com\/wp-content\/uploads\/2026\/03\/blonde-woman-with-elegant-hairstyle-typing-text-keyboard-office-indoor-portrait-international-employees-with-secretary-using-laptop-768x512.jpg 768w, https:\/\/lessenspsy.com\/wp-content\/uploads\/2026\/03\/blonde-woman-with-elegant-hairstyle-typing-text-keyboard-office-indoor-portrait-international-employees-with-secretary-using-laptop-1536x1024.jpg 1536w, https:\/\/lessenspsy.com\/wp-content\/uploads\/2026\/03\/blonde-woman-with-elegant-hairstyle-typing-text-keyboard-office-indoor-portrait-international-employees-with-secretary-using-laptop-2048x1365.jpg 2048w\" sizes=\"(max-width: 640px) 100vw, 640px\" \/>\t\t\t\t\t\t\t\t\t\t\t\t\t\t\t<\/div>\n\t\t\t\t<\/div>\n\t\t\t\t\t<\/div>\n\t\t\t\t<\/div>\n\t\t<div class=\"elementor-element elementor-element-e7c734a e-flex e-con-boxed e-con e-parent\" data-id=\"e7c734a\" data-element_type=\"container\" data-e-type=\"container\">\n\t\t\t\t\t<div class=\"e-con-inner\">\n\t\t\t\t<div class=\"elementor-element elementor-element-7bc236b elementor-widget elementor-widget-menu-anchor\" data-id=\"7bc236b\" data-element_type=\"widget\" data-e-type=\"widget\" data-widget_type=\"menu-anchor.default\">\n\t\t\t\t\t\t\t<div class=\"elementor-menu-anchor\" id=\"plus_de_details\"><\/div>\n\t\t\t\t\t\t<\/div>\n\t\t\t\t<div class=\"elementor-element elementor-element-cce0bed elementor-widget-divider--view-line elementor-widget elementor-widget-divider\" data-id=\"cce0bed\" data-element_type=\"widget\" data-e-type=\"widget\" data-widget_type=\"divider.default\">\n\t\t\t\t\t\t\t<div class=\"elementor-divider\">\n\t\t\t<span class=\"elementor-divider-separator\">\n\t\t\t\t\t\t<\/span>\n\t\t<\/div>\n\t\t\t\t\t\t<\/div>\n\t\t\t\t\t<\/div>\n\t\t\t\t<\/div>\n\t\t<div class=\"elementor-element elementor-element-20ba263 e-flex e-con-boxed e-con e-parent\" data-id=\"20ba263\" data-element_type=\"container\" data-e-type=\"container\">\n\t\t\t\t\t<div class=\"e-con-inner\">\n\t\t\t\t<div class=\"elementor-element elementor-element-e80962a elementor-widget elementor-widget-heading\" data-id=\"e80962a\" data-element_type=\"widget\" data-e-type=\"widget\" data-widget_type=\"heading.default\">\n\t\t\t\t\t<h2 class=\"elementor-heading-title elementor-size-default\">PLUS DE D\u00c9TAILS<\/h2>\t\t\t\t<\/div>\n\t\t\t\t\t<\/div>\n\t\t\t\t<\/div>\n\t\t<div class=\"elementor-element elementor-element-a32d529 e-flex e-con-boxed e-con e-parent\" data-id=\"a32d529\" data-element_type=\"container\" data-e-type=\"container\">\n\t\t\t\t\t<div class=\"e-con-inner\">\n\t\t<div class=\"elementor-element elementor-element-8145bc5 e-con-full e-flex e-con e-child\" data-id=\"8145bc5\" data-element_type=\"container\" data-e-type=\"container\">\n\t\t\t\t<div class=\"elementor-element elementor-element-bce74de elementor-widget elementor-widget-image\" data-id=\"bce74de\" data-element_type=\"widget\" data-e-type=\"widget\" data-widget_type=\"image.default\">\n\t\t\t\t\t\t\t\t\t\t\t\t\t\t\t<img decoding=\"async\" width=\"2560\" height=\"1440\" src=\"https:\/\/lessenspsy.com\/wp-content\/uploads\/2026\/03\/Presentiel_LesSensPsy-Martinique-scaled.webp\" class=\"attachment-full size-full wp-image-375\" alt=\"\" srcset=\"https:\/\/lessenspsy.com\/wp-content\/uploads\/2026\/03\/Presentiel_LesSensPsy-Martinique-scaled.webp 2560w, https:\/\/lessenspsy.com\/wp-content\/uploads\/2026\/03\/Presentiel_LesSensPsy-Martinique-300x169.webp 300w, https:\/\/lessenspsy.com\/wp-content\/uploads\/2026\/03\/Presentiel_LesSensPsy-Martinique-1024x576.webp 1024w, https:\/\/lessenspsy.com\/wp-content\/uploads\/2026\/03\/Presentiel_LesSensPsy-Martinique-768x432.webp 768w, https:\/\/lessenspsy.com\/wp-content\/uploads\/2026\/03\/Presentiel_LesSensPsy-Martinique-1536x864.webp 1536w, https:\/\/lessenspsy.com\/wp-content\/uploads\/2026\/03\/Presentiel_LesSensPsy-Martinique-2048x1152.webp 2048w\" sizes=\"(max-width: 2560px) 100vw, 2560px\" \/>\t\t\t\t\t\t\t\t\t\t\t\t\t\t\t<\/div>\n\t\t\t\t<\/div>\n\t\t<div class=\"elementor-element elementor-element-5ba4a0a e-con-full e-flex e-con e-child\" data-id=\"5ba4a0a\" data-element_type=\"container\" data-e-type=\"container\">\n\t\t\t\t<div class=\"elementor-element elementor-element-eeeca44 elementor-widget-divider--view-line elementor-widget elementor-widget-divider\" data-id=\"eeeca44\" data-element_type=\"widget\" data-e-type=\"widget\" data-widget_type=\"divider.default\">\n\t\t\t\t\t\t\t<div class=\"elementor-divider\">\n\t\t\t<span class=\"elementor-divider-separator\">\n\t\t\t\t\t\t<\/span>\n\t\t<\/div>\n\t\t\t\t\t\t<\/div>\n\t\t\t\t<\/div>\n\t\t<div class=\"elementor-element elementor-element-5f6d162 e-con-full e-flex e-con e-child\" data-id=\"5f6d162\" data-element_type=\"container\" data-e-type=\"container\">\n\t\t\t\t<div class=\"elementor-element elementor-element-bc20737 elementor-widget elementor-widget-image\" data-id=\"bc20737\" data-element_type=\"widget\" data-e-type=\"widget\" data-widget_type=\"image.default\">\n\t\t\t\t\t\t\t\t\t\t\t\t\t\t\t<img loading=\"lazy\" decoding=\"async\" width=\"2560\" height=\"1440\" src=\"https:\/\/lessenspsy.com\/wp-content\/uploads\/2026\/03\/Distanciel_LesSensPsy-Martinique-scaled.webp\" class=\"attachment-full size-full wp-image-376\" alt=\"\" srcset=\"https:\/\/lessenspsy.com\/wp-content\/uploads\/2026\/03\/Distanciel_LesSensPsy-Martinique-scaled.webp 2560w, https:\/\/lessenspsy.com\/wp-content\/uploads\/2026\/03\/Distanciel_LesSensPsy-Martinique-300x169.webp 300w, https:\/\/lessenspsy.com\/wp-content\/uploads\/2026\/03\/Distanciel_LesSensPsy-Martinique-1024x576.webp 1024w, https:\/\/lessenspsy.com\/wp-content\/uploads\/2026\/03\/Distanciel_LesSensPsy-Martinique-768x432.webp 768w, https:\/\/lessenspsy.com\/wp-content\/uploads\/2026\/03\/Distanciel_LesSensPsy-Martinique-1536x864.webp 1536w, https:\/\/lessenspsy.com\/wp-content\/uploads\/2026\/03\/Distanciel_LesSensPsy-Martinique-2048x1152.webp 2048w\" sizes=\"(max-width: 2560px) 100vw, 2560px\" \/>\t\t\t\t\t\t\t\t\t\t\t\t\t\t\t<\/div>\n\t\t\t\t<\/div>\n\t\t\t\t<div class=\"elementor-element elementor-element-7c54d88 elementor-widget elementor-widget-menu-anchor\" data-id=\"7c54d88\" data-element_type=\"widget\" data-e-type=\"widget\" data-widget_type=\"menu-anchor.default\">\n\t\t\t\t\t\t\t<div class=\"elementor-menu-anchor\" id=\"catalogue_des_formations\"><\/div>\n\t\t\t\t\t\t<\/div>\n\t\t\t\t<div class=\"elementor-element elementor-element-64f3e7d elementor-widget-divider--view-line elementor-widget elementor-widget-divider\" data-id=\"64f3e7d\" data-element_type=\"widget\" data-e-type=\"widget\" data-widget_type=\"divider.default\">\n\t\t\t\t\t\t\t<div class=\"elementor-divider\">\n\t\t\t<span class=\"elementor-divider-separator\">\n\t\t\t\t\t\t<\/span>\n\t\t<\/div>\n\t\t\t\t\t\t<\/div>\n\t\t\t\t\t<\/div>\n\t\t\t\t<\/div>\n\t\t<div class=\"elementor-element elementor-element-fec366b e-flex e-con-boxed e-con e-parent\" data-id=\"fec366b\" data-element_type=\"container\" data-e-type=\"container\">\n\t\t\t\t\t<div class=\"e-con-inner\">\n\t\t\t\t<div class=\"elementor-element elementor-element-08088e8 elementor-widget elementor-widget-heading\" data-id=\"08088e8\" data-element_type=\"widget\" data-e-type=\"widget\" data-widget_type=\"heading.default\">\n\t\t\t\t\t<h2 class=\"elementor-heading-title elementor-size-default\">CATALOGUE DES FORMATIONS<\/h2>\t\t\t\t<\/div>\n\t\t\t\t\t<\/div>\n\t\t\t\t<\/div>\n\t\t<div class=\"elementor-element elementor-element-f36c73d e-flex e-con-boxed e-con e-parent\" data-id=\"f36c73d\" data-element_type=\"container\" data-e-type=\"container\">\n\t\t\t\t\t<div class=\"e-con-inner\">\n\t\t<div class=\"elementor-element elementor-element-db9c2bd e-con-full e-flex e-con e-child\" data-id=\"db9c2bd\" data-element_type=\"container\" data-e-type=\"container\">\n\t\t\t\t<div class=\"elementor-element elementor-element-ce7e5d1 elementor-widget elementor-widget-text-editor\" data-id=\"ce7e5d1\" data-element_type=\"widget\" data-e-type=\"widget\" data-widget_type=\"text-editor.default\">\n\t\t\t\t\t\t\t\t\t<p>Vous pourrez retrouver ci-dessous l&rsquo;ensemble des formations propos\u00e9es par notre \u00e9tablissement, class\u00e9 par <strong>th\u00e9matiques en Sant\u00e9 Mentale :<\/strong><\/p><ul><li><h5><span id=\"Principes_de_Base_en_Sante_Mentale_PBSM\" style=\"color: #13316e;\"><strong>Principes de Base en Sant\u00e9 Mentale (PBSM )<\/strong><\/span><\/h5><\/li><li><h5><span style=\"color: #13316e;\"><span id=\"Principes_de_Base_en_Sante_Mentale_PBSM\"><\/span><span id=\"Premiers_Secours_en_Sante_Mentale_PSSM\"><strong>Premiers Secours en Sant\u00e9 Mentale ( PSSM)<\/strong><\/span><\/span><\/h5><\/li><li><h5><span id=\"Gestion_du_Stress_GDS\" style=\"color: #13316e;\"><strong>Gestion du Stress\u00a0<\/strong><strong>(GDS)<\/strong><\/span><\/h5><\/li><\/ul>\t\t\t\t\t\t\t\t<\/div>\n\t\t\t\t<\/div>\n\t\t<div class=\"elementor-element elementor-element-ad705a6 e-con-full e-flex e-con e-child\" data-id=\"ad705a6\" data-element_type=\"container\" data-e-type=\"container\">\n\t\t\t\t<div class=\"elementor-element elementor-element-f580e64 elementor-view-stacked elementor-shape-circle elementor-widget elementor-widget-icon\" data-id=\"f580e64\" data-element_type=\"widget\" data-e-type=\"widget\" data-widget_type=\"icon.default\">\n\t\t\t\t\t\t\t<div class=\"elementor-icon-wrapper\">\n\t\t\t<div class=\"elementor-icon\">\n\t\t\t<svg aria-hidden=\"true\" class=\"e-font-icon-svg e-fas-folder-open\" viewBox=\"0 0 576 512\" xmlns=\"http:\/\/www.w3.org\/2000\/svg\"><path d=\"M572.694 292.093L500.27 416.248A63.997 63.997 0 0 1 444.989 448H45.025c-18.523 0-30.064-20.093-20.731-36.093l72.424-124.155A64 64 0 0 1 152 256h399.964c18.523 0 30.064 20.093 20.73 36.093zM152 224h328v-48c0-26.51-21.49-48-48-48H272l-64-64H48C21.49 64 0 85.49 0 112v278.046l69.077-118.418C86.214 242.25 117.989 224 152 224z\"><\/path><\/svg>\t\t\t<\/div>\n\t\t<\/div>\n\t\t\t\t\t\t<\/div>\n\t\t\t\t<\/div>\n\t\t\t\t\t<\/div>\n\t\t\t\t<\/div>\n\t\t<div class=\"elementor-element elementor-element-2164ba8 e-flex e-con-boxed e-con e-parent\" data-id=\"2164ba8\" data-element_type=\"container\" data-e-type=\"container\">\n\t\t\t\t\t<div class=\"e-con-inner\">\n\t\t\t\t<div class=\"elementor-element elementor-element-c46367b elementor-align-center elementor-widget elementor-widget-button\" data-id=\"c46367b\" data-element_type=\"widget\" data-e-type=\"widget\" data-widget_type=\"button.default\">\n\t\t\t\t\t\t\t\t\t\t<a class=\"elementor-button elementor-button-link elementor-size-sm\" href=\"https:\/\/lessenspsy.com\/?page_id=1228\">\n\t\t\t\t\t\t<span class=\"elementor-button-content-wrapper\">\n\t\t\t\t\t\t<span class=\"elementor-button-icon\">\n\t\t\t\t<svg aria-hidden=\"true\" class=\"e-font-icon-svg e-fas-arrow-alt-circle-right\" viewBox=\"0 0 512 512\" xmlns=\"http:\/\/www.w3.org\/2000\/svg\"><path d=\"M256 8c137 0 248 111 248 248S393 504 256 504 8 393 8 256 119 8 256 8zM140 300h116v70.9c0 10.7 13 16.1 20.5 8.5l114.3-114.9c4.7-4.7 4.7-12.2 0-16.9l-114.3-115c-7.6-7.6-20.5-2.2-20.5 8.5V212H140c-6.6 0-12 5.4-12 12v64c0 6.6 5.4 12 12 12z\"><\/path><\/svg>\t\t\t<\/span>\n\t\t\t\t\t\t\t\t\t<span class=\"elementor-button-text\">Consulter le catalogue<\/span>\n\t\t\t\t\t<\/span>\n\t\t\t\t\t<\/a>\n\t\t\t\t\t\t\t\t<\/div>\n\t\t\t\t\t<\/div>\n\t\t\t\t<\/div>\n\t\t\t\t<\/div>\n\t\t\t\t<\/div>\n\t\t\t\t\t\t<\/div>\n\t\t\t\t<\/div>\n\t\t\t\t\t<\/div>\n\t\t\t\t<\/div>\n\t\t\t\t<\/div>\n\t\t","protected":false},"excerpt":{"rendered":"","protected":false},"author":1,"featured_media":0,"parent":0,"menu_order":0,"comment_status":"closed","ping_status":"closed","template":"elementor_theme","meta":{"footnotes":""},"class_list":["post-111","page","type-page","status-publish","hentry"],"_links":{"self":[{"href":"https:\/\/lessenspsy.com\/index.php?rest_route=\/wp\/v2\/pages\/111","targetHints":{"allow":["GET"]}}],"collection":[{"href":"https:\/\/lessenspsy.com\/index.php?rest_route=\/wp\/v2\/pages"}],"about":[{"href":"https:\/\/lessenspsy.com\/index.php?rest_route=\/wp\/v2\/types\/page"}],"author":[{"embeddable":true,"href":"https:\/\/lessenspsy.com\/index.php?rest_route=\/wp\/v2\/users\/1"}],"replies":[{"embeddable":true,"href":"https:\/\/lessenspsy.com\/index.php?rest_route=%2Fwp%2Fv2%2Fcomments&post=111"}],"version-history":[{"count":0,"href":"https:\/\/lessenspsy.com\/index.php?rest_route=\/wp\/v2\/pages\/111\/revisions"}],"wp:attachment":[{"href":"https:\/\/lessenspsy.com\/index.php?rest_route=%2Fwp%2Fv2%2Fmedia&parent=111"}],"curies":[{"name":"wp","href":"https:\/\/api.w.org\/{rel}","templated":true}]}}