{"id":1228,"date":"2026-03-16T04:36:23","date_gmt":"2026-03-16T03:36:23","guid":{"rendered":"http:\/\/www.lessenspsy.com\/?page_id=1228"},"modified":"2026-04-10T02:00:20","modified_gmt":"2026-04-10T00:00:20","slug":"catalogue-des-formations","status":"publish","type":"page","link":"https:\/\/lessenspsy.com\/?page_id=1228","title":{"rendered":"Catalogue des formations"},"content":{"rendered":"\t\t<div data-elementor-type=\"wp-page\" data-elementor-id=\"1228\" class=\"elementor elementor-1228\" data-elementor-post-type=\"page\">\n\t\t\t\t<div class=\"elementor-element elementor-element-f05b1bc e-flex e-con-boxed e-con e-parent\" data-id=\"f05b1bc\" data-element_type=\"container\" data-e-type=\"container\">\n\t\t\t\t\t<div class=\"e-con-inner\">\n\t\t\t\t<div class=\"elementor-element elementor-element-8caa0b3 elementor-widget elementor-widget-template\" data-id=\"8caa0b3\" data-element_type=\"widget\" data-e-type=\"widget\" data-widget_type=\"template.default\">\n\t\t\t\t<div class=\"elementor-widget-container\">\n\t\t\t\t\t\t\t<div class=\"elementor-template\">\n\t\t\t\t\t<div data-elementor-type=\"single-page\" data-elementor-id=\"1207\" class=\"elementor elementor-1207\" data-elementor-post-type=\"elementor_library\">\n\t\t\t<div class=\"elementor-element elementor-element-72e73bf e-flex e-con-boxed e-con e-parent\" data-id=\"72e73bf\" data-element_type=\"container\" data-e-type=\"container\">\n\t\t\t\t\t<div class=\"e-con-inner\">\n\t\t\t\t<div class=\"elementor-element elementor-element-c3231d0 elementor-widget elementor-widget-text-editor\" data-id=\"c3231d0\" data-element_type=\"widget\" data-e-type=\"widget\" data-widget_type=\"text-editor.default\">\n\t\t\t\t\t\t\t\t\t<div class=\"elementor-element elementor-element-cb25bcd e-flex e-con-boxed e-con e-parent e-lazyloaded\" data-id=\"cb25bcd\" data-element_type=\"container\" data-e-type=\"container\"><div class=\"e-con-inner\"><div class=\"elementor-element elementor-element-c5b26e0 elementor-widget elementor-widget-text-editor\" data-id=\"c5b26e0\" data-element_type=\"widget\" data-e-type=\"widget\" data-widget_type=\"text-editor.default\"><p><span style=\"color: #000000;\"><b>Notre catalogue des formations se trouve juste ci-dessous.<\/b><\/span><\/p><p><span style=\"color: #13316e;\"><b>\u2192 V<\/b><b>ous y retrouverez toutes les th\u00e9matiques abord\u00e9es lors de nos formations sur la sant\u00e9 mentale.<\/b><\/span><\/p><\/div><\/div><\/div>\t\t\t\t\t\t\t\t<\/div>\n\t\t\t\t\t<\/div>\n\t\t\t\t<\/div>\n\t\t<div class=\"elementor-element elementor-element-bdaa666 e-flex e-con-boxed e-con e-parent\" data-id=\"bdaa666\" data-element_type=\"container\" data-e-type=\"container\">\n\t\t\t\t\t<div class=\"e-con-inner\">\n\t\t<div class=\"elementor-element elementor-element-6933fd8 e-con-full e-flex e-con e-child\" data-id=\"6933fd8\" data-element_type=\"container\" data-e-type=\"container\">\n\t\t\t\t<div class=\"elementor-element elementor-element-d5604e3 elementor-widget elementor-widget-image\" data-id=\"d5604e3\" data-element_type=\"widget\" data-e-type=\"widget\" data-widget_type=\"image.default\">\n\t\t\t\t\t\t\t\t\t\t\t\t\t\t\t<img fetchpriority=\"high\" decoding=\"async\" width=\"640\" height=\"360\" src=\"https:\/\/lessenspsy.com\/wp-content\/uploads\/2026\/03\/Couverture_catalogue_formations_lessenspsy-1024x576.png\" class=\"attachment-large size-large wp-image-1220\" alt=\"\" srcset=\"https:\/\/lessenspsy.com\/wp-content\/uploads\/2026\/03\/Couverture_catalogue_formations_lessenspsy-1024x576.png 1024w, https:\/\/lessenspsy.com\/wp-content\/uploads\/2026\/03\/Couverture_catalogue_formations_lessenspsy-300x169.png 300w, https:\/\/lessenspsy.com\/wp-content\/uploads\/2026\/03\/Couverture_catalogue_formations_lessenspsy-768x432.png 768w, https:\/\/lessenspsy.com\/wp-content\/uploads\/2026\/03\/Couverture_catalogue_formations_lessenspsy-1536x864.png 1536w, https:\/\/lessenspsy.com\/wp-content\/uploads\/2026\/03\/Couverture_catalogue_formations_lessenspsy.png 1682w\" sizes=\"(max-width: 640px) 100vw, 640px\" \/>\t\t\t\t\t\t\t\t\t\t\t\t\t\t\t<\/div>\n\t\t\t\t<\/div>\n\t\t<div class=\"elementor-element elementor-element-b2f08c1 e-con-full e-flex e-con e-child\" data-id=\"b2f08c1\" data-element_type=\"container\" data-e-type=\"container\">\n\t\t\t\t<div class=\"elementor-element elementor-element-f91e6fd elementor-widget elementor-widget-heading\" data-id=\"f91e6fd\" data-element_type=\"widget\" data-e-type=\"widget\" data-widget_type=\"heading.default\">\n\t\t\t\t\t<h2 class=\"elementor-heading-title elementor-size-default\">NOTRE CATALOGUE DES FORMATIONS<\/h2>\t\t\t\t<\/div>\n\t\t\t\t<div class=\"elementor-element elementor-element-9868020 elementor-widget elementor-widget-text-editor\" data-id=\"9868020\" data-element_type=\"widget\" data-e-type=\"widget\" data-widget_type=\"text-editor.default\">\n\t\t\t\t\t\t\t\t\t<p><span style=\"color: #000000;\">Quibus ita sceleste patratis Paulus cruore perfusus reversusque ad principis castra multos coopertos paene catenis adduxit in squalorem deiectos atque maestitiam, quorum adventu intendebantur eculei uncosque parabat carnifex et tormenta. et ex is proscripti sunt plures actique in exilium alii, non nullos gladii consumpsere poenales. nec enim quisquam facile meminit sub Constantio, ubi susurro tenus haec movebantur, quemquam absolutum.<\/span><br \/><span style=\"color: #000000;\">Quibus ita sceleste patratis Paulus cruore perfusus reversusque ad principis castra multos coopertos paene catenis adduxit in squalorem deiectos atque maestitiam, quorum adventu intendebantur eculei uncosque parabat carnifex et tormenta. et ex is pro.<\/span><\/p>\t\t\t\t\t\t\t\t<\/div>\n\t\t\t\t<\/div>\n\t\t\t\t\t<\/div>\n\t\t\t\t<\/div>\n\t\t<div class=\"elementor-element elementor-element-9ed153b e-flex e-con-boxed e-con e-parent\" data-id=\"9ed153b\" data-element_type=\"container\" data-e-type=\"container\" data-settings=\"{&quot;background_background&quot;:&quot;classic&quot;}\">\n\t\t\t\t\t<div class=\"e-con-inner\">\n\t\t<div class=\"elementor-element elementor-element-5edfe6f e-con-full e-flex e-con e-child\" data-id=\"5edfe6f\" data-element_type=\"container\" data-e-type=\"container\">\n\t\t\t\t<div class=\"elementor-element elementor-element-28d1806 elementor-widget elementor-widget-heading\" data-id=\"28d1806\" data-element_type=\"widget\" data-e-type=\"widget\" data-widget_type=\"heading.default\">\n\t\t\t\t\t<h2 class=\"elementor-heading-title elementor-size-default\">DEVENEZ SECOURISTE EN SANT\u00c9 MENTALE<\/h2>\t\t\t\t<\/div>\n\t\t\t\t<div class=\"elementor-element elementor-element-6f56620 elementor-widget elementor-widget-text-editor\" data-id=\"6f56620\" data-element_type=\"widget\" data-e-type=\"widget\" data-widget_type=\"text-editor.default\">\n\t\t\t\t\t\t\t\t\t<p><span style=\"color: #000000;\">Quibus ita sceleste patratis Paulus cruore perfusus reversusque ad principis castra multos coopertos paene catenis adduxit in squalorem deiectos atque maestitiam, quorum adventu intendebantur eculei uncosque parabat carnifex et tormenta. et ex is proscripti sunt plures actique in exilium alii, non nullos gladii consumpsere poenales. nec enim quisquam facile meminit sub Constantio, ubi susurro tenus haec movebantur, quemquam absolutum.<\/span><br \/><span style=\"color: #000000;\">Quibus ita sceleste patratis Paulus cruore perfusus reversusque ad principis castra multos coopertos paene catenis adduxit in squalorem deiectos atque maestitiam, quorum adventu intendebantur eculei uncosque parabat carnifex et tormenta. et ex is pro.<\/span><\/p>\t\t\t\t\t\t\t\t<\/div>\n\t\t\t\t<\/div>\n\t\t<div class=\"elementor-element elementor-element-68718f3 e-con-full e-flex e-con e-child\" data-id=\"68718f3\" data-element_type=\"container\" data-e-type=\"container\">\n\t\t\t\t<div class=\"elementor-element elementor-element-c2fba5d elementor-widget elementor-widget-image\" data-id=\"c2fba5d\" data-element_type=\"widget\" data-e-type=\"widget\" data-widget_type=\"image.default\">\n\t\t\t\t\t\t\t\t\t\t\t\t\t\t\t<img decoding=\"async\" width=\"640\" height=\"359\" src=\"https:\/\/lessenspsy.com\/wp-content\/uploads\/2026\/03\/Page-1-catalogue_formations_lessenspsy-1024x575.png\" class=\"attachment-large size-large wp-image-1219\" alt=\"\" srcset=\"https:\/\/lessenspsy.com\/wp-content\/uploads\/2026\/03\/Page-1-catalogue_formations_lessenspsy-1024x575.png 1024w, https:\/\/lessenspsy.com\/wp-content\/uploads\/2026\/03\/Page-1-catalogue_formations_lessenspsy-300x168.png 300w, https:\/\/lessenspsy.com\/wp-content\/uploads\/2026\/03\/Page-1-catalogue_formations_lessenspsy-768x431.png 768w, https:\/\/lessenspsy.com\/wp-content\/uploads\/2026\/03\/Page-1-catalogue_formations_lessenspsy-1536x862.png 1536w, https:\/\/lessenspsy.com\/wp-content\/uploads\/2026\/03\/Page-1-catalogue_formations_lessenspsy.png 1685w\" sizes=\"(max-width: 640px) 100vw, 640px\" \/>\t\t\t\t\t\t\t\t\t\t\t\t\t\t\t<\/div>\n\t\t\t\t<\/div>\n\t\t\t\t\t<\/div>\n\t\t\t\t<\/div>\n\t\t<div class=\"elementor-element elementor-element-accc935 e-flex e-con-boxed e-con e-parent\" data-id=\"accc935\" data-element_type=\"container\" data-e-type=\"container\" data-settings=\"{&quot;background_background&quot;:&quot;classic&quot;}\">\n\t\t\t\t\t<div class=\"e-con-inner\">\n\t\t<div class=\"elementor-element elementor-element-ab9a6d8 e-con-full e-flex e-con e-child\" data-id=\"ab9a6d8\" data-element_type=\"container\" data-e-type=\"container\">\n\t\t\t\t<div class=\"elementor-element elementor-element-c36b48c elementor-widget elementor-widget-image\" data-id=\"c36b48c\" data-element_type=\"widget\" data-e-type=\"widget\" data-widget_type=\"image.default\">\n\t\t\t\t\t\t\t\t\t\t\t\t\t\t\t<img decoding=\"async\" width=\"640\" height=\"361\" src=\"https:\/\/lessenspsy.com\/wp-content\/uploads\/2026\/03\/Page-2-catalogue_formations_lessenspsy-1024x577.png\" class=\"attachment-large size-large wp-image-1218\" alt=\"\" srcset=\"https:\/\/lessenspsy.com\/wp-content\/uploads\/2026\/03\/Page-2-catalogue_formations_lessenspsy-1024x577.png 1024w, https:\/\/lessenspsy.com\/wp-content\/uploads\/2026\/03\/Page-2-catalogue_formations_lessenspsy-300x169.png 300w, https:\/\/lessenspsy.com\/wp-content\/uploads\/2026\/03\/Page-2-catalogue_formations_lessenspsy-768x433.png 768w, https:\/\/lessenspsy.com\/wp-content\/uploads\/2026\/03\/Page-2-catalogue_formations_lessenspsy-1536x866.png 1536w, https:\/\/lessenspsy.com\/wp-content\/uploads\/2026\/03\/Page-2-catalogue_formations_lessenspsy.png 1682w\" sizes=\"(max-width: 640px) 100vw, 640px\" \/>\t\t\t\t\t\t\t\t\t\t\t\t\t\t\t<\/div>\n\t\t\t\t<\/div>\n\t\t<div class=\"elementor-element elementor-element-91f6eda e-con-full e-flex e-con e-child\" data-id=\"91f6eda\" data-element_type=\"container\" data-e-type=\"container\">\n\t\t\t\t<div class=\"elementor-element elementor-element-e2819b3 elementor-widget elementor-widget-heading\" data-id=\"e2819b3\" data-element_type=\"widget\" data-e-type=\"widget\" data-widget_type=\"heading.default\">\n\t\t\t\t\t<h2 class=\"elementor-heading-title elementor-size-default\">APPRENEZ \u00c0 D\u00c9JOUER LES PI\u00c8GES DU STRESS<\/h2>\t\t\t\t<\/div>\n\t\t\t\t<div class=\"elementor-element elementor-element-306eba7 elementor-widget elementor-widget-text-editor\" data-id=\"306eba7\" data-element_type=\"widget\" data-e-type=\"widget\" data-widget_type=\"text-editor.default\">\n\t\t\t\t\t\t\t\t\t<p><span style=\"color: #000000;\">Quibus ita sceleste patratis Paulus cruore perfusus reversusque ad principis castra multos coopertos paene catenis adduxit in squalorem deiectos atque maestitiam, quorum adventu intendebantur eculei uncosque parabat carnifex et tormenta. et ex is proscripti sunt plures actique in exilium alii, non nullos gladii consumpsere poenales. nec enim quisquam facile meminit sub Constantio, ubi susurro tenus haec movebantur, quemquam absolutum.<\/span><br \/><span style=\"color: #000000;\">Quibus ita sceleste patratis Paulus cruore perfusus reversusque ad principis castra multos coopertos paene catenis adduxit in squalorem deiectos atque maestitiam, quorum adventu intendebantur eculei uncosque parabat carnifex et tormenta. et ex is pro.<\/span><\/p>\t\t\t\t\t\t\t\t<\/div>\n\t\t\t\t<\/div>\n\t\t\t\t\t<\/div>\n\t\t\t\t<\/div>\n\t\t<div class=\"elementor-element elementor-element-a163b57 e-flex e-con-boxed e-con e-parent\" data-id=\"a163b57\" data-element_type=\"container\" data-e-type=\"container\" data-settings=\"{&quot;background_background&quot;:&quot;classic&quot;}\">\n\t\t\t\t\t<div class=\"e-con-inner\">\n\t\t<div class=\"elementor-element elementor-element-54f12e6 e-con-full e-flex e-con e-child\" data-id=\"54f12e6\" data-element_type=\"container\" data-e-type=\"container\">\n\t\t\t\t<div class=\"elementor-element elementor-element-690b057 elementor-widget elementor-widget-heading\" data-id=\"690b057\" data-element_type=\"widget\" data-e-type=\"widget\" data-widget_type=\"heading.default\">\n\t\t\t\t\t<h2 class=\"elementor-heading-title elementor-size-default\">comprenez les principes de base en sant\u00c9 MENTALE<\/h2>\t\t\t\t<\/div>\n\t\t\t\t<div class=\"elementor-element elementor-element-1f929ca elementor-widget elementor-widget-text-editor\" data-id=\"1f929ca\" data-element_type=\"widget\" data-e-type=\"widget\" data-widget_type=\"text-editor.default\">\n\t\t\t\t\t\t\t\t\t<p><span style=\"color: #000000;\">Quibus ita sceleste patratis Paulus cruore perfusus reversusque ad principis castra multos coopertos paene catenis adduxit in squalorem deiectos atque maestitiam, quorum adventu intendebantur eculei uncosque parabat carnifex et tormenta. et ex is proscripti sunt plures actique in exilium alii, non nullos gladii consumpsere poenales. nec enim quisquam facile meminit sub Constantio, ubi susurro tenus haec movebantur, quemquam absolutum.<\/span><br \/><span style=\"color: #000000;\">Quibus ita sceleste patratis Paulus cruore perfusus reversusque ad principis castra multos coopertos paene catenis adduxit in squalorem deiectos atque maestitiam, quorum adventu intendebantur eculei uncosque parabat carnifex et tormenta. et ex is pro.<\/span><\/p>\t\t\t\t\t\t\t\t<\/div>\n\t\t\t\t<\/div>\n\t\t<div class=\"elementor-element elementor-element-11ad654 e-con-full e-flex e-con e-child\" data-id=\"11ad654\" data-element_type=\"container\" data-e-type=\"container\">\n\t\t\t\t<div class=\"elementor-element elementor-element-edd3122 elementor-widget elementor-widget-image\" data-id=\"edd3122\" data-element_type=\"widget\" data-e-type=\"widget\" data-widget_type=\"image.default\">\n\t\t\t\t\t\t\t\t\t\t\t\t\t\t\t<img loading=\"lazy\" decoding=\"async\" width=\"640\" height=\"359\" src=\"https:\/\/lessenspsy.com\/wp-content\/uploads\/2026\/03\/Page-3-catalogue_formations_lessenspsy-1024x574.png\" class=\"attachment-large size-large wp-image-1217\" alt=\"\" srcset=\"https:\/\/lessenspsy.com\/wp-content\/uploads\/2026\/03\/Page-3-catalogue_formations_lessenspsy-1024x574.png 1024w, https:\/\/lessenspsy.com\/wp-content\/uploads\/2026\/03\/Page-3-catalogue_formations_lessenspsy-300x168.png 300w, https:\/\/lessenspsy.com\/wp-content\/uploads\/2026\/03\/Page-3-catalogue_formations_lessenspsy-768x431.png 768w, https:\/\/lessenspsy.com\/wp-content\/uploads\/2026\/03\/Page-3-catalogue_formations_lessenspsy-1536x861.png 1536w, https:\/\/lessenspsy.com\/wp-content\/uploads\/2026\/03\/Page-3-catalogue_formations_lessenspsy.png 1685w\" sizes=\"(max-width: 640px) 100vw, 640px\" \/>\t\t\t\t\t\t\t\t\t\t\t\t\t\t\t<\/div>\n\t\t\t\t<\/div>\n\t\t\t\t\t<\/div>\n\t\t\t\t<\/div>\n\t\t<div class=\"elementor-element elementor-element-07ad7de e-flex e-con-boxed e-con e-parent\" data-id=\"07ad7de\" data-element_type=\"container\" data-e-type=\"container\">\n\t\t\t\t\t<div class=\"e-con-inner\">\n\t\t\t\t<div class=\"elementor-element elementor-element-fecebff elementor-widget-divider--view-line elementor-widget elementor-widget-divider\" data-id=\"fecebff\" data-element_type=\"widget\" data-e-type=\"widget\" data-widget_type=\"divider.default\">\n\t\t\t\t\t\t\t<div class=\"elementor-divider\">\n\t\t\t<span class=\"elementor-divider-separator\">\n\t\t\t\t\t\t<\/span>\n\t\t<\/div>\n\t\t\t\t\t\t<\/div>\n\t\t\t\t\t<\/div>\n\t\t\t\t<\/div>\n\t\t<div class=\"elementor-element elementor-element-b6e7fa3 e-flex e-con-boxed e-con e-parent\" data-id=\"b6e7fa3\" data-element_type=\"container\" data-e-type=\"container\">\n\t\t\t\t\t<div class=\"e-con-inner\">\n\t\t<div class=\"elementor-element elementor-element-87ddd06 e-con-full e-flex e-con e-child\" data-id=\"87ddd06\" data-element_type=\"container\" data-e-type=\"container\">\n\t\t\t\t<div class=\"elementor-element elementor-element-bec8ab3 elementor-align-center elementor-widget elementor-widget-button\" data-id=\"bec8ab3\" data-element_type=\"widget\" data-e-type=\"widget\" data-widget_type=\"button.default\">\n\t\t\t\t\t\t\t\t\t\t<a class=\"elementor-button elementor-button-link elementor-size-sm\" href=\"https:\/\/lessenspsy.com\/wp-content\/uploads\/2026\/04\/Catalogue-formations_2026_LesSensPsy.pdf\" target=\"_blank\">\n\t\t\t\t\t\t<span class=\"elementor-button-content-wrapper\">\n\t\t\t\t\t\t<span class=\"elementor-button-icon\">\n\t\t\t\t<svg aria-hidden=\"true\" class=\"e-font-icon-svg e-fas-book-open\" viewBox=\"0 0 576 512\" xmlns=\"http:\/\/www.w3.org\/2000\/svg\"><path d=\"M542.22 32.05c-54.8 3.11-163.72 14.43-230.96 55.59-4.64 2.84-7.27 7.89-7.27 13.17v363.87c0 11.55 12.63 18.85 23.28 13.49 69.18-34.82 169.23-44.32 218.7-46.92 16.89-.89 30.02-14.43 30.02-30.66V62.75c.01-17.71-15.35-31.74-33.77-30.7zM264.73 87.64C197.5 46.48 88.58 35.17 33.78 32.05 15.36 31.01 0 45.04 0 62.75V400.6c0 16.24 13.13 29.78 30.02 30.66 49.49 2.6 149.59 12.11 218.77 46.95 10.62 5.35 23.21-1.94 23.21-13.46V100.63c0-5.29-2.62-10.14-7.27-12.99z\"><\/path><\/svg>\t\t\t<\/span>\n\t\t\t\t\t\t\t\t\t<span class=\"elementor-button-text\">T\u00e9l\u00e9charger le catalogue au format PDF<\/span>\n\t\t\t\t\t<\/span>\n\t\t\t\t\t<\/a>\n\t\t\t\t\t\t\t\t<\/div>\n\t\t\t\t<\/div>\n\t\t<div class=\"elementor-element elementor-element-a52bc97 e-con-full e-flex e-con e-child\" data-id=\"a52bc97\" data-element_type=\"container\" data-e-type=\"container\">\n\t\t\t\t<div class=\"elementor-element elementor-element-750dfb1 elementor-align-center elementor-widget elementor-widget-button\" data-id=\"750dfb1\" data-element_type=\"widget\" data-e-type=\"widget\" data-widget_type=\"button.default\">\n\t\t\t\t\t\t\t\t\t\t<a class=\"elementor-button elementor-button-link elementor-size-sm\" href=\"https:\/\/lessenspsy.hop3team.com\/\" target=\"_blank\">\n\t\t\t\t\t\t<span class=\"elementor-button-content-wrapper\">\n\t\t\t\t\t\t<span class=\"elementor-button-icon\">\n\t\t\t\t<svg aria-hidden=\"true\" class=\"e-font-icon-svg e-fas-pen-alt\" viewBox=\"0 0 512 512\" xmlns=\"http:\/\/www.w3.org\/2000\/svg\"><path d=\"M497.94 74.17l-60.11-60.11c-18.75-18.75-49.16-18.75-67.91 0l-56.55 56.55 128.02 128.02 56.55-56.55c18.75-18.75 18.75-49.15 0-67.91zm-246.8-20.53c-15.62-15.62-40.94-15.62-56.56 0L75.8 172.43c-6.25 6.25-6.25 16.38 0 22.62l22.63 22.63c6.25 6.25 16.38 6.25 22.63 0l101.82-101.82 22.63 22.62L93.95 290.03A327.038 327.038 0 0 0 .17 485.11l-.03.23c-1.7 15.28 11.21 28.2 26.49 26.51a327.02 327.02 0 0 0 195.34-93.8l196.79-196.79-82.77-82.77-84.85-84.85z\"><\/path><\/svg>\t\t\t<\/span>\n\t\t\t\t\t\t\t\t\t<span class=\"elementor-button-text\">S'inscrire \u00e0 une formation<\/span>\n\t\t\t\t\t<\/span>\n\t\t\t\t\t<\/a>\n\t\t\t\t\t\t\t\t<\/div>\n\t\t\t\t<\/div>\n\t\t\t\t\t<\/div>\n\t\t\t\t<\/div>\n\t\t\t\t<\/div>\n\t\t\t\t<\/div>\n\t\t\t\t\t\t<\/div>\n\t\t\t\t<\/div>\n\t\t\t\t\t<\/div>\n\t\t\t\t<\/div>\n\t\t\t\t<\/div>\n\t\t","protected":false},"excerpt":{"rendered":"","protected":false},"author":1,"featured_media":0,"parent":0,"menu_order":0,"comment_status":"closed","ping_status":"closed","template":"elementor_theme","meta":{"footnotes":""},"class_list":["post-1228","page","type-page","status-publish","hentry"],"_links":{"self":[{"href":"https:\/\/lessenspsy.com\/index.php?rest_route=\/wp\/v2\/pages\/1228","targetHints":{"allow":["GET"]}}],"collection":[{"href":"https:\/\/lessenspsy.com\/index.php?rest_route=\/wp\/v2\/pages"}],"about":[{"href":"https:\/\/lessenspsy.com\/index.php?rest_route=\/wp\/v2\/types\/page"}],"author":[{"embeddable":true,"href":"https:\/\/lessenspsy.com\/index.php?rest_route=\/wp\/v2\/users\/1"}],"replies":[{"embeddable":true,"href":"https:\/\/lessenspsy.com\/index.php?rest_route=%2Fwp%2Fv2%2Fcomments&post=1228"}],"version-history":[{"count":7,"href":"https:\/\/lessenspsy.com\/index.php?rest_route=\/wp\/v2\/pages\/1228\/revisions"}],"predecessor-version":[{"id":1357,"href":"https:\/\/lessenspsy.com\/index.php?rest_route=\/wp\/v2\/pages\/1228\/revisions\/1357"}],"wp:attachment":[{"href":"https:\/\/lessenspsy.com\/index.php?rest_route=%2Fwp%2Fv2%2Fmedia&parent=1228"}],"curies":[{"name":"wp","href":"https:\/\/api.w.org\/{rel}","templated":true}]}}