{"id":200,"date":"2026-03-02T12:21:36","date_gmt":"2026-03-02T11:21:36","guid":{"rendered":"http:\/\/www.lessenspsy.com\/?page_id=200"},"modified":"2026-04-10T02:56:53","modified_gmt":"2026-04-10T00:56:53","slug":"contact","status":"publish","type":"page","link":"https:\/\/lessenspsy.com\/?page_id=200","title":{"rendered":"Contact"},"content":{"rendered":"\t\t<div data-elementor-type=\"wp-page\" data-elementor-id=\"200\" class=\"elementor elementor-200\" data-elementor-post-type=\"page\">\n\t\t\t\t<div class=\"elementor-element elementor-element-5c586b1 e-flex e-con-boxed e-con e-parent\" data-id=\"5c586b1\" data-element_type=\"container\" data-e-type=\"container\">\n\t\t\t\t\t<div class=\"e-con-inner\">\n\t\t\t\t<div class=\"elementor-element elementor-element-65f8f91 elementor-widget elementor-widget-image\" data-id=\"65f8f91\" data-element_type=\"widget\" data-e-type=\"widget\" data-widget_type=\"image.default\">\n\t\t\t\t\t\t\t\t\t\t\t\t\t\t\t<img fetchpriority=\"high\" decoding=\"async\" width=\"1536\" height=\"123\" src=\"https:\/\/lessenspsy.com\/wp-content\/uploads\/2026\/03\/bandeau_contact-1536x123.webp\" class=\"attachment-1536x1536 size-1536x1536 wp-image-945\" alt=\"\" srcset=\"https:\/\/lessenspsy.com\/wp-content\/uploads\/2026\/03\/bandeau_contact-1536x123.webp 1536w, https:\/\/lessenspsy.com\/wp-content\/uploads\/2026\/03\/bandeau_contact-300x24.webp 300w, https:\/\/lessenspsy.com\/wp-content\/uploads\/2026\/03\/bandeau_contact-1024x82.webp 1024w, https:\/\/lessenspsy.com\/wp-content\/uploads\/2026\/03\/bandeau_contact-768x61.webp 768w, https:\/\/lessenspsy.com\/wp-content\/uploads\/2026\/03\/bandeau_contact-2048x164.webp 2048w\" sizes=\"(max-width: 1536px) 100vw, 1536px\" \/>\t\t\t\t\t\t\t\t\t\t\t\t\t\t\t<\/div>\n\t\t\t\t\t<\/div>\n\t\t\t\t<\/div>\n\t\t<div class=\"elementor-element elementor-element-4825b53 e-flex e-con-boxed e-con e-parent\" data-id=\"4825b53\" data-element_type=\"container\" data-e-type=\"container\">\n\t\t\t\t\t<div class=\"e-con-inner\">\n\t\t<div class=\"elementor-element elementor-element-547958e e-con-full e-flex e-con e-child\" data-id=\"547958e\" data-element_type=\"container\" data-e-type=\"container\">\n\t\t\t\t<div class=\"elementor-element elementor-element-be2bcfb elementor-widget elementor-widget-heading\" data-id=\"be2bcfb\" data-element_type=\"widget\" data-e-type=\"widget\" data-widget_type=\"heading.default\">\n\t\t\t\t\t<h2 class=\"elementor-heading-title elementor-size-default\">NOS COORDONN\u00c9ES<\/h2>\t\t\t\t<\/div>\n\t\t\t\t<\/div>\n\t\t<div class=\"elementor-element elementor-element-2773c23 e-con-full e-flex e-con e-child\" data-id=\"2773c23\" data-element_type=\"container\" data-e-type=\"container\">\n\t\t\t\t<div class=\"elementor-element elementor-element-6b994af elementor-widget elementor-widget-heading\" data-id=\"6b994af\" data-element_type=\"widget\" data-e-type=\"widget\" data-widget_type=\"heading.default\">\n\t\t\t\t\t<h2 class=\"elementor-heading-title elementor-size-default\">NOTRE LOCALISATION<\/h2>\t\t\t\t<\/div>\n\t\t\t\t<\/div>\n\t\t\t\t\t<\/div>\n\t\t\t\t<\/div>\n\t\t<div class=\"elementor-element elementor-element-5168d09 e-flex e-con-boxed e-con e-parent\" data-id=\"5168d09\" data-element_type=\"container\" data-e-type=\"container\">\n\t\t\t\t\t<div class=\"e-con-inner\">\n\t\t<div class=\"elementor-element elementor-element-4d01b4b e-con-full e-flex e-con e-child\" data-id=\"4d01b4b\" data-element_type=\"container\" data-e-type=\"container\">\n\t\t\t\t<div class=\"elementor-element elementor-element-08a77fe elementor-widget elementor-widget-text-editor\" data-id=\"08a77fe\" data-element_type=\"widget\" data-e-type=\"widget\" data-widget_type=\"text-editor.default\">\n\t\t\t\t\t\t\t\t\t<h5><span style=\"color: #13316e;\"><strong>LES SENS PSY<\/strong><\/span><\/h5><p><span style=\"text-decoration: underline;\"><strong>Adresse du Si\u00e8ge Social<\/strong><\/span><strong> :<\/strong> 200 Rue de la Croix Nivert, 75015 Paris, France<\/p><p><strong><span style=\"text-decoration: underline;\">Whatsapp<\/span> :<\/strong> (+596) 696.18.11.08<\/p><p><strong><span style=\"text-decoration: underline;\">T\u00e9l\u00e9phone<\/span> :<\/strong> (+33)7.69.97.34.09. \/ (+596) 696.18.11.08<\/p><p><strong><span style=\"text-decoration: underline;\">Email contact<\/span> :<\/strong> contact@lessens-psy.com<\/p><p><strong><span style=\"text-decoration: underline;\">Email stagiaire<\/span> :<\/strong> stagiaire@lessens-psy.com<\/p>\t\t\t\t\t\t\t\t<\/div>\n\t\t\t\t<div class=\"elementor-element elementor-element-c1caf25 elementor-widget elementor-widget-text-editor\" data-id=\"c1caf25\" data-element_type=\"widget\" data-e-type=\"widget\" data-widget_type=\"text-editor.default\">\n\t\t\t\t\t\t\t\t\t<p><span style=\"color: #f19822;\"><strong>\u2192 Vous pouvez \u00e9galement nous \u00e9crire via notre formulaire de contact ci-dessous :<\/strong><\/span><\/p>\t\t\t\t\t\t\t\t<\/div>\n\t\t\t\t<div class=\"elementor-element elementor-element-7e8fce1 elementor-widget elementor-widget-button\" data-id=\"7e8fce1\" data-element_type=\"widget\" data-e-type=\"widget\" data-widget_type=\"button.default\">\n\t\t\t\t\t\t\t\t\t\t<a class=\"elementor-button elementor-button-link elementor-size-sm\" href=\"https:\/\/lessenspsy.com\/?page_id=1332\">\n\t\t\t\t\t\t<span class=\"elementor-button-content-wrapper\">\n\t\t\t\t\t\t<span class=\"elementor-button-icon\">\n\t\t\t\t<svg aria-hidden=\"true\" class=\"e-font-icon-svg e-fas-mail-bulk\" viewBox=\"0 0 576 512\" xmlns=\"http:\/\/www.w3.org\/2000\/svg\"><path d=\"M160 448c-25.6 0-51.2-22.4-64-32-64-44.8-83.2-60.8-96-70.4V480c0 17.67 14.33 32 32 32h256c17.67 0 32-14.33 32-32V345.6c-12.8 9.6-32 25.6-96 70.4-12.8 9.6-38.4 32-64 32zm128-192H32c-17.67 0-32 14.33-32 32v16c25.6 19.2 22.4 19.2 115.2 86.4 9.6 6.4 28.8 25.6 44.8 25.6s35.2-19.2 44.8-22.4c92.8-67.2 89.6-67.2 115.2-86.4V288c0-17.67-14.33-32-32-32zm256-96H224c-17.67 0-32 14.33-32 32v32h96c33.21 0 60.59 25.42 63.71 57.82l.29-.22V416h192c17.67 0 32-14.33 32-32V192c0-17.67-14.33-32-32-32zm-32 128h-64v-64h64v64zm-352-96c0-35.29 28.71-64 64-64h224V32c0-17.67-14.33-32-32-32H96C78.33 0 64 14.33 64 32v192h96v-32z\"><\/path><\/svg>\t\t\t<\/span>\n\t\t\t\t\t\t\t\t\t<span class=\"elementor-button-text\">Nous contacter<\/span>\n\t\t\t\t\t<\/span>\n\t\t\t\t\t<\/a>\n\t\t\t\t\t\t\t\t<\/div>\n\t\t\t\t<\/div>\n\t\t<div class=\"elementor-element elementor-element-314383e e-con-full e-flex e-con e-child\" data-id=\"314383e\" data-element_type=\"container\" data-e-type=\"container\">\n\t\t<div class=\"elementor-element elementor-element-daafee4 e-con-full e-flex e-con e-child\" data-id=\"daafee4\" data-element_type=\"container\" data-e-type=\"container\">\n\t\t\t\t<div class=\"elementor-element elementor-element-f207226 elementor-widget elementor-widget-google_maps\" data-id=\"f207226\" data-element_type=\"widget\" data-e-type=\"widget\" data-widget_type=\"google_maps.default\">\n\t\t\t\t\t\t\t<div class=\"elementor-custom-embed\">\n\t\t\t<iframe loading=\"lazy\"\n\t\t\t\t\tsrc=\"https:\/\/maps.google.com\/maps?q=200%20Rue%20de%20la%20Croix%20Nivert%2C%2075015%20Paris%2C%20France&#038;t=m&#038;z=10&#038;output=embed&#038;iwloc=near\"\n\t\t\t\t\ttitle=\"200 Rue de la Croix Nivert, 75015 Paris, France\"\n\t\t\t\t\taria-label=\"200 Rue de la Croix Nivert, 75015 Paris, France\"\n\t\t\t><\/iframe>\n\t\t<\/div>\n\t\t\t\t\t\t<\/div>\n\t\t\t\t<\/div>\n\t\t\t\t<\/div>\n\t\t\t\t\t<\/div>\n\t\t\t\t<\/div>\n\t\t<div class=\"elementor-element elementor-element-98bff2a e-flex e-con-boxed e-con e-parent\" data-id=\"98bff2a\" data-element_type=\"container\" data-e-type=\"container\">\n\t\t\t\t\t<div class=\"e-con-inner\">\n\t\t<div class=\"elementor-element elementor-element-55ca5d9 e-con-full e-flex e-con e-child\" data-id=\"55ca5d9\" data-element_type=\"container\" data-e-type=\"container\">\n\t\t\t\t<\/div>\n\t\t<div class=\"elementor-element elementor-element-39d12ac e-con-full e-flex e-con e-child\" data-id=\"39d12ac\" data-element_type=\"container\" data-e-type=\"container\">\n\t\t\t\t<\/div>\n\t\t<div class=\"elementor-element elementor-element-8e9d0f9 e-con-full e-flex e-con e-child\" data-id=\"8e9d0f9\" data-element_type=\"container\" data-e-type=\"container\">\n\t\t\t\t<\/div>\n\t\t<div class=\"elementor-element elementor-element-6212922 e-con-full e-flex e-con e-child\" data-id=\"6212922\" data-element_type=\"container\" data-e-type=\"container\">\n\t\t\t\t<\/div>\n\t\t\t\t\t<\/div>\n\t\t\t\t<\/div>\n\t\t\t\t<\/div>\n\t\t","protected":false},"excerpt":{"rendered":"<p>NOS COORDONN\u00c9ES NOTRE LOCALISATION LES SENS PSY Adresse du Si\u00e8ge Social : 200 Rue de la Croix Nivert, 75015 Paris, France Whatsapp : (+596) 696.18.11.08 T\u00e9l\u00e9phone : (+33)7.69.97.34.09. \/ (+596) 696.18.11.08 Email contact : contact@lessens-psy.com Email stagiaire : stagiaire@lessens-psy.com \u2192 Vous pouvez \u00e9galement nous \u00e9crire via notre formulaire de contact ci-dessous : Nous contacter<\/p>\n","protected":false},"author":1,"featured_media":0,"parent":0,"menu_order":2,"comment_status":"closed","ping_status":"closed","template":"","meta":{"footnotes":""},"class_list":["post-200","page","type-page","status-publish","hentry"],"_links":{"self":[{"href":"https:\/\/lessenspsy.com\/index.php?rest_route=\/wp\/v2\/pages\/200","targetHints":{"allow":["GET"]}}],"collection":[{"href":"https:\/\/lessenspsy.com\/index.php?rest_route=\/wp\/v2\/pages"}],"about":[{"href":"https:\/\/lessenspsy.com\/index.php?rest_route=\/wp\/v2\/types\/page"}],"author":[{"embeddable":true,"href":"https:\/\/lessenspsy.com\/index.php?rest_route=\/wp\/v2\/users\/1"}],"replies":[{"embeddable":true,"href":"https:\/\/lessenspsy.com\/index.php?rest_route=%2Fwp%2Fv2%2Fcomments&post=200"}],"version-history":[{"count":16,"href":"https:\/\/lessenspsy.com\/index.php?rest_route=\/wp\/v2\/pages\/200\/revisions"}],"predecessor-version":[{"id":1355,"href":"https:\/\/lessenspsy.com\/index.php?rest_route=\/wp\/v2\/pages\/200\/revisions\/1355"}],"wp:attachment":[{"href":"https:\/\/lessenspsy.com\/index.php?rest_route=%2Fwp%2Fv2%2Fmedia&parent=200"}],"curies":[{"name":"wp","href":"https:\/\/api.w.org\/{rel}","templated":true}]}}