{"id":47,"date":"2026-02-28T13:37:25","date_gmt":"2026-02-28T12:37:25","guid":{"rendered":"http:\/\/www.lessenspsy.com\/?page_id=47"},"modified":"2026-03-15T01:27:38","modified_gmt":"2026-03-15T00:27:38","slug":"accueil","status":"publish","type":"page","link":"https:\/\/lessenspsy.com\/","title":{"rendered":"Accueil"},"content":{"rendered":"\t\t<div data-elementor-type=\"wp-page\" data-elementor-id=\"47\" class=\"elementor elementor-47\" data-elementor-post-type=\"page\">\n\t\t\t\t<div class=\"elementor-element elementor-element-ce78dd1 e-flex e-con-boxed e-con e-parent\" data-id=\"ce78dd1\" data-element_type=\"container\" data-e-type=\"container\">\n\t\t\t\t\t<div class=\"e-con-inner\">\n\t\t\t\t<div class=\"elementor-element elementor-element-eabd7fe elementor-widget elementor-widget-menu-anchor\" data-id=\"eabd7fe\" data-element_type=\"widget\" data-e-type=\"widget\" data-widget_type=\"menu-anchor.default\">\n\t\t\t\t\t\t\t<div class=\"elementor-menu-anchor\" id=\"notre_etablissement\"><\/div>\n\t\t\t\t\t\t<\/div>\n\t\t\t\t<div class=\"elementor-element elementor-element-e2e859c elementor-widget elementor-widget-heading\" data-id=\"e2e859c\" data-element_type=\"widget\" data-e-type=\"widget\" data-widget_type=\"heading.default\">\n\t\t\t\t\t<h2 class=\"elementor-heading-title elementor-size-default\">NOTRE \u00c9TABLISSEMENT<\/h2>\t\t\t\t<\/div>\n\t\t\t\t<div class=\"elementor-element elementor-element-ad1fb6a elementor-widget elementor-widget-text-editor\" data-id=\"ad1fb6a\" data-element_type=\"widget\" data-e-type=\"widget\" data-widget_type=\"text-editor.default\">\n\t\t\t\t\t\t\t\t\t<p><span style=\"color: #13316e;\"><strong>l\u2019orgnisme de formation \u00ab LES SENS PSY \u00bb<\/strong> <\/span>vous propose des f<strong>ormations sur des th\u00e9matiques de Sant\u00e9 Mentale<\/strong>, grande cause nationale en France depuis 2024.<\/p><p>Nous accompagnons le tout public \u00e0 acqu\u00e9rir savoirs et comp\u00e9tences afin de mieux\u00a0 comprendre les enjeux autour des\u00a0 probl\u00e9matiques de sant\u00e9 mentale.<\/p><p><span style=\"color: #13316e;\"><strong>Nous proposons des formations de qualit\u00e9 bas\u00e9es sur notre expertise forg\u00e9e de nos pratiques et de notre parfaite connaissance de l\u2019environnement de la sant\u00e9 mentale.<\/strong><\/span><\/p>\t\t\t\t\t\t\t\t<\/div>\n\t\t\t\t\t<\/div>\n\t\t\t\t<\/div>\n\t\t<div class=\"elementor-element elementor-element-0d5ceca e-flex e-con-boxed e-con e-parent\" data-id=\"0d5ceca\" data-element_type=\"container\" data-e-type=\"container\">\n\t\t\t\t\t<div class=\"e-con-inner\">\n\t\t<div class=\"elementor-element elementor-element-a5e83d5 e-con-full e-flex e-con e-child\" data-id=\"a5e83d5\" data-element_type=\"container\" data-e-type=\"container\">\n\t\t\t\t<div class=\"elementor-element elementor-element-48194ea elementor-widget elementor-widget-image\" data-id=\"48194ea\" data-element_type=\"widget\" data-e-type=\"widget\" data-widget_type=\"image.default\">\n\t\t\t\t\t\t\t\t\t\t\t\t\t\t\t<img fetchpriority=\"high\" decoding=\"async\" width=\"640\" height=\"427\" src=\"https:\/\/lessenspsy.com\/wp-content\/uploads\/2026\/02\/close-up-people-studying-together-1024x683.jpg\" class=\"attachment-large size-large wp-image-36\" alt=\"\" srcset=\"https:\/\/lessenspsy.com\/wp-content\/uploads\/2026\/02\/close-up-people-studying-together-1024x683.jpg 1024w, https:\/\/lessenspsy.com\/wp-content\/uploads\/2026\/02\/close-up-people-studying-together-300x200.jpg 300w, https:\/\/lessenspsy.com\/wp-content\/uploads\/2026\/02\/close-up-people-studying-together-768x512.jpg 768w, https:\/\/lessenspsy.com\/wp-content\/uploads\/2026\/02\/close-up-people-studying-together-1536x1024.jpg 1536w, https:\/\/lessenspsy.com\/wp-content\/uploads\/2026\/02\/close-up-people-studying-together-2048x1366.jpg 2048w\" sizes=\"(max-width: 640px) 100vw, 640px\" \/>\t\t\t\t\t\t\t\t\t\t\t\t\t\t\t<\/div>\n\t\t\t\t<\/div>\n\t\t<div class=\"elementor-element elementor-element-b638843 e-con-full e-flex e-con e-child\" data-id=\"b638843\" data-element_type=\"container\" data-e-type=\"container\">\n\t\t\t\t<div class=\"elementor-element elementor-element-413d866 elementor-widget elementor-widget-text-editor\" data-id=\"413d866\" data-element_type=\"widget\" data-e-type=\"widget\" data-widget_type=\"text-editor.default\">\n\t\t\t\t\t\t\t\t\t<p><strong>Ainsi je forme aux :<\/strong><\/p><ul><li><h5><span style=\"color: #13316e;\"><strong>Principes de Base en Sant\u00e9 Mentale (PBSM )<\/strong><\/span><\/h5><\/li><li><h5><span style=\"color: #13316e;\"><strong>Premiers Secours en Sant\u00e9 Mentale ( PSSM)<\/strong><\/span><\/h5><\/li><li><h5><span style=\"color: #13316e;\"><strong>Gestion du Stress\u00a0<\/strong><\/span><span style=\"color: #13316e;\"><strong>(GDS)<\/strong><\/span><\/h5><\/li><\/ul>\t\t\t\t\t\t\t\t<\/div>\n\t\t\t\t<\/div>\n\t\t\t\t\t<\/div>\n\t\t\t\t<\/div>\n\t\t<div class=\"elementor-element elementor-element-0b61e3e e-flex e-con-boxed e-con e-parent\" data-id=\"0b61e3e\" data-element_type=\"container\" data-e-type=\"container\">\n\t\t\t\t\t<div class=\"e-con-inner\">\n\t\t\t\t<div class=\"elementor-element elementor-element-05a6914 elementor-widget elementor-widget-menu-anchor\" data-id=\"05a6914\" data-element_type=\"widget\" data-e-type=\"widget\" data-widget_type=\"menu-anchor.default\">\n\t\t\t\t\t\t\t<div class=\"elementor-menu-anchor\" id=\"notre_mission\"><\/div>\n\t\t\t\t\t\t<\/div>\n\t\t\t\t<div class=\"elementor-element elementor-element-09c8f53 elementor-widget-divider--view-line elementor-widget elementor-widget-divider\" data-id=\"09c8f53\" data-element_type=\"widget\" data-e-type=\"widget\" data-widget_type=\"divider.default\">\n\t\t\t\t\t\t\t<div class=\"elementor-divider\">\n\t\t\t<span class=\"elementor-divider-separator\">\n\t\t\t\t\t\t<\/span>\n\t\t<\/div>\n\t\t\t\t\t\t<\/div>\n\t\t\t\t<div class=\"elementor-element elementor-element-f76bc10 elementor-widget elementor-widget-heading\" data-id=\"f76bc10\" data-element_type=\"widget\" data-e-type=\"widget\" data-widget_type=\"heading.default\">\n\t\t\t\t\t<h2 class=\"elementor-heading-title elementor-size-default\">NOTRE MISSION<\/h2>\t\t\t\t<\/div>\n\t\t\t\t\t<\/div>\n\t\t\t\t<\/div>\n\t\t<div class=\"elementor-element elementor-element-49fbcbf e-flex e-con-boxed e-con e-parent\" data-id=\"49fbcbf\" data-element_type=\"container\" data-e-type=\"container\">\n\t\t\t\t\t<div class=\"e-con-inner\">\n\t\t<div class=\"elementor-element elementor-element-ef1674f e-con-full e-flex e-con e-child\" data-id=\"ef1674f\" data-element_type=\"container\" data-e-type=\"container\">\n\t\t\t\t<div class=\"elementor-element elementor-element-bac57a3 elementor-widget elementor-widget-text-editor\" data-id=\"bac57a3\" data-element_type=\"widget\" data-e-type=\"widget\" data-widget_type=\"text-editor.default\">\n\t\t\t\t\t\t\t\t\t<ul><li><h5><strong>Rendre plus abordables les concepts en Sant\u00e9 Mentale<\/strong><\/h5><\/li><li><h5><strong>Accompagner chacun \u00e0 \u00eatre le secouriste qu\u2019il est capable d\u2019\u00eatre<\/strong><\/h5><\/li><li><h5><strong>Faire de chacun l\u2019acteur principal de son bien-\u00eatre et \u00e9chapper aux pi\u00e8ges du stress<\/strong><\/h5><\/li><\/ul>\t\t\t\t\t\t\t\t<\/div>\n\t\t\t\t<\/div>\n\t\t<div class=\"elementor-element elementor-element-f510d72 e-con-full e-flex e-con e-child\" data-id=\"f510d72\" data-element_type=\"container\" data-e-type=\"container\">\n\t\t\t\t<div class=\"elementor-element elementor-element-23c66a0 elementor-widget elementor-widget-image\" data-id=\"23c66a0\" data-element_type=\"widget\" data-e-type=\"widget\" data-widget_type=\"image.default\">\n\t\t\t\t\t\t\t\t\t\t\t\t\t\t\t<img decoding=\"async\" width=\"640\" height=\"389\" src=\"https:\/\/lessenspsy.com\/wp-content\/uploads\/2026\/02\/group-young-people-sitting-conference-together-1024x622.jpg\" class=\"attachment-large size-large wp-image-40\" alt=\"\" srcset=\"https:\/\/lessenspsy.com\/wp-content\/uploads\/2026\/02\/group-young-people-sitting-conference-together-1024x622.jpg 1024w, https:\/\/lessenspsy.com\/wp-content\/uploads\/2026\/02\/group-young-people-sitting-conference-together-300x182.jpg 300w, https:\/\/lessenspsy.com\/wp-content\/uploads\/2026\/02\/group-young-people-sitting-conference-together-768x466.jpg 768w, https:\/\/lessenspsy.com\/wp-content\/uploads\/2026\/02\/group-young-people-sitting-conference-together-1536x933.jpg 1536w, https:\/\/lessenspsy.com\/wp-content\/uploads\/2026\/02\/group-young-people-sitting-conference-together-2048x1243.jpg 2048w\" sizes=\"(max-width: 640px) 100vw, 640px\" \/>\t\t\t\t\t\t\t\t\t\t\t\t\t\t\t<\/div>\n\t\t\t\t<\/div>\n\t\t\t\t\t<\/div>\n\t\t\t\t<\/div>\n\t\t\t\t<\/div>\n\t\t","protected":false},"excerpt":{"rendered":"<p>NOTRE \u00c9TABLISSEMENT l\u2019orgnisme de formation \u00ab LES SENS PSY \u00bb vous propose des formations sur des th\u00e9matiques de Sant\u00e9 Mentale, grande cause nationale en France depuis 2024. Nous accompagnons le tout public \u00e0 acqu\u00e9rir savoirs et comp\u00e9tences afin de mieux\u00a0 comprendre les enjeux autour des\u00a0 probl\u00e9matiques de sant\u00e9 mentale. Nous proposons des formations de qualit\u00e9&hellip;<\/p>\n","protected":false},"author":1,"featured_media":0,"parent":0,"menu_order":0,"comment_status":"closed","ping_status":"closed","template":"elementor_theme","meta":{"footnotes":""},"class_list":["post-47","page","type-page","status-publish","hentry"],"_links":{"self":[{"href":"https:\/\/lessenspsy.com\/index.php?rest_route=\/wp\/v2\/pages\/47","targetHints":{"allow":["GET"]}}],"collection":[{"href":"https:\/\/lessenspsy.com\/index.php?rest_route=\/wp\/v2\/pages"}],"about":[{"href":"https:\/\/lessenspsy.com\/index.php?rest_route=\/wp\/v2\/types\/page"}],"author":[{"embeddable":true,"href":"https:\/\/lessenspsy.com\/index.php?rest_route=\/wp\/v2\/users\/1"}],"replies":[{"embeddable":true,"href":"https:\/\/lessenspsy.com\/index.php?rest_route=%2Fwp%2Fv2%2Fcomments&post=47"}],"version-history":[{"count":0,"href":"https:\/\/lessenspsy.com\/index.php?rest_route=\/wp\/v2\/pages\/47\/revisions"}],"wp:attachment":[{"href":"https:\/\/lessenspsy.com\/index.php?rest_route=%2Fwp%2Fv2%2Fmedia&parent=47"}],"curies":[{"name":"wp","href":"https:\/\/api.w.org\/{rel}","templated":true}]}}